{"id":347,"date":"2024-03-26T15:09:49","date_gmt":"2024-03-26T14:09:49","guid":{"rendered":"https:\/\/www.darlingsew.com\/?page_id=347"},"modified":"2024-03-26T15:09:51","modified_gmt":"2024-03-26T14:09:51","slug":"mentions-legales","status":"publish","type":"page","link":"https:\/\/www.darlingsew.com\/index.php\/mentions-legales\/","title":{"rendered":"Mentions L\u00e9gales"},"content":{"rendered":"\n<div class=\"wp-block-group is-vertical is-layout-flex wp-container-core-group-is-layout-76a81b31 wp-block-group-is-layout-flex\">\n<p><strong>Murielle Jacomet &#8211; Darling Sew<\/strong><\/p>\n\n\n\n<p class=\"has-text-align-center\">Si\u00e8ge social : 7 rue de Cand\u00e9 &#8211; 37300 Jou\u00e9-l\u00e8s-Tours<\/p>\n\n\n\n<p class=\"has-text-align-center\">Micro entreprise &#8211; Murielle Jacomet<\/p>\n\n\n\n<p class=\"has-text-align-center\">Jacometmurielle@orange.fr<\/p>\n<\/div>\n","protected":false},"excerpt":{"rendered":"<p>Murielle Jacomet &#8211; Darling Sew Si\u00e8ge social : 7 rue de Cand\u00e9 &#8211; 37300 Jou\u00e9-l\u00e8s-Tours Micro entreprise &#8211; Murielle Jacomet &hellip; <\/p>\n","protected":false},"author":1,"featured_media":0,"parent":0,"menu_order":0,"comment_status":"closed","ping_status":"closed","template":"","meta":{"footnotes":""},"class_list":["post-347","page","type-page","status-publish","hentry","has-single-img"],"jetpack_sharing_enabled":true,"_links":{"self":[{"href":"https:\/\/www.darlingsew.com\/index.php\/wp-json\/wp\/v2\/pages\/347","targetHints":{"allow":["GET"]}}],"collection":[{"href":"https:\/\/www.darlingsew.com\/index.php\/wp-json\/wp\/v2\/pages"}],"about":[{"href":"https:\/\/www.darlingsew.com\/index.php\/wp-json\/wp\/v2\/types\/page"}],"author":[{"embeddable":true,"href":"https:\/\/www.darlingsew.com\/index.php\/wp-json\/wp\/v2\/users\/1"}],"replies":[{"embeddable":true,"href":"https:\/\/www.darlingsew.com\/index.php\/wp-json\/wp\/v2\/comments?post=347"}],"version-history":[{"count":1,"href":"https:\/\/www.darlingsew.com\/index.php\/wp-json\/wp\/v2\/pages\/347\/revisions"}],"predecessor-version":[{"id":348,"href":"https:\/\/www.darlingsew.com\/index.php\/wp-json\/wp\/v2\/pages\/347\/revisions\/348"}],"wp:attachment":[{"href":"https:\/\/www.darlingsew.com\/index.php\/wp-json\/wp\/v2\/media?parent=347"}],"curies":[{"name":"wp","href":"https:\/\/api.w.org\/{rel}","templated":true}]}}