{"id":363,"date":"2024-04-12T14:17:47","date_gmt":"2024-04-12T12:17:47","guid":{"rendered":"https:\/\/www.darlingsew.com\/?post_type=product&#038;p=363"},"modified":"2024-04-12T23:08:50","modified_gmt":"2024-04-12T21:08:50","slug":"mariniere-froufrou-bleu-ciel","status":"publish","type":"product","link":"https:\/\/www.darlingsew.com\/index.php\/produit\/mariniere-froufrou-bleu-ciel\/","title":{"rendered":"Marini\u00e8re Froufrou &#8211; Bleu Ciel"},"content":{"rendered":"<p>Marini\u00e8re col froufrou &#8211; bleu ciel sur fond neige.<\/p>\n<p>L\u00e9g\u00e8rement \u00e9vas\u00e9e avec fausse patte de boutonnage sur l\u2019\u00e9paule gauche rehauss\u00e9e de petits boutons motif fleur, manches 3\/4.<\/p>\n<p>Tr\u00e8s pratique et tendance, elle se portera tr\u00e8s facilement avec un jean ou tout autre pantalon.<\/p>\n<p>R\u00e9alis\u00e9e dans un jersey 100% coton 280g\/ml-193m2<\/p>\n<p>Mod\u00e8le unique* en Taille M.<\/p>\n<p>Facile d\u2019entretien (lavable en machine \u00e0 30\u00b0- pr\u00e9f\u00e9rer le s\u00e9chage naturel )<\/p>\n<p>&nbsp;<\/p>\n<p>*Toutes mes cr\u00e9ations sont r\u00e9alis\u00e9es en mod\u00e8le unique ou en mini s\u00e9ries (2 \u00e0 3 exemplaires maximum).<\/p>\n<p><em>TVA non applicable<\/em><\/p>\n","protected":false},"excerpt":{"rendered":"<p>Marini\u00e8re Froufrou &#8211; bleu ciel sur fond neige<\/p>\n<p>Mod\u00e8le unique* en Taille M.<\/p>\n<p>*Toutes mes cr\u00e9ations sont r\u00e9alis\u00e9es en mod\u00e8le unique ou en mini s\u00e9ries (2 \u00e0 3 exemplaires maximum).<\/p>\n","protected":false},"featured_media":366,"comment_status":"open","ping_status":"closed","template":"","meta":[],"product_cat":[20,29,30],"product_tag":[33,44,31],"class_list":{"0":"post-363","1":"product","2":"type-product","3":"status-publish","4":"has-post-thumbnail","6":"product_cat-nouveautes","7":"product_cat-t-shirt","8":"product_cat-top","9":"product_tag-100-coton","10":"product_tag-bleu-ciel","11":"product_tag-mariniere","12":"has-single-img","14":"first","15":"instock","16":"featured","17":"shipping-taxable","18":"purchasable","19":"product-type-simple"},"jetpack_sharing_enabled":true,"_links":{"self":[{"href":"https:\/\/www.darlingsew.com\/index.php\/wp-json\/wp\/v2\/product\/363","targetHints":{"allow":["GET"]}}],"collection":[{"href":"https:\/\/www.darlingsew.com\/index.php\/wp-json\/wp\/v2\/product"}],"about":[{"href":"https:\/\/www.darlingsew.com\/index.php\/wp-json\/wp\/v2\/types\/product"}],"replies":[{"embeddable":true,"href":"https:\/\/www.darlingsew.com\/index.php\/wp-json\/wp\/v2\/comments?post=363"}],"wp:featuredmedia":[{"embeddable":true,"href":"https:\/\/www.darlingsew.com\/index.php\/wp-json\/wp\/v2\/media\/366"}],"wp:attachment":[{"href":"https:\/\/www.darlingsew.com\/index.php\/wp-json\/wp\/v2\/media?parent=363"}],"wp:term":[{"taxonomy":"product_cat","embeddable":true,"href":"https:\/\/www.darlingsew.com\/index.php\/wp-json\/wp\/v2\/product_cat?post=363"},{"taxonomy":"product_tag","embeddable":true,"href":"https:\/\/www.darlingsew.com\/index.php\/wp-json\/wp\/v2\/product_tag?post=363"}],"curies":[{"name":"wp","href":"https:\/\/api.w.org\/{rel}","templated":true}]}}