{"id":368,"date":"2024-04-12T14:44:46","date_gmt":"2024-04-12T12:44:46","guid":{"rendered":"https:\/\/www.darlingsew.com\/?post_type=product&#038;p=368"},"modified":"2024-04-12T23:11:24","modified_gmt":"2024-04-12T21:11:24","slug":"sac-banane-matelasse-kaki","status":"publish","type":"product","link":"https:\/\/www.darlingsew.com\/index.php\/produit\/sac-banane-matelasse-kaki\/","title":{"rendered":"Sac \u201cBanane\u201d &#8211; Matelass\u00e9 Kaki"},"content":{"rendered":"<p>Joli Sac \u201cBanane\u201d &#8211; Matelass\u00e9 Kaki,<\/p>\n<p>R\u00e9alis\u00e9 en tissu matelass\u00e9 kaki tr\u00e8s doux pour l\u2019ext\u00e9rieur et en coton fleuri sur fond brique pour l\u2019int\u00e9rieur.<\/p>\n<p>Ouverture double sens gr\u00e2ce \u00e0 une fermeture m\u00e9tallique beige, double glissi\u00e8res.<\/p>\n<p>Sangle kaki r\u00e9glable de 70 cm \u00e0 120 cm.<\/p>\n<p>Taille : \u00a0largeur en partie haute 40cm, en partie basse 19cm, hauteur 19cm<\/p>\n<p>Mod\u00e8le en mini s\u00e9rie*<\/p>\n<p>*Toutes mes cr\u00e9ations sont r\u00e9alis\u00e9es en mod\u00e8le unique ou en mini s\u00e9ries (2 \u00e0 3 exemplaires maximum).<\/p>\n<p><em>TVA non applicable<\/em><\/p>\n","protected":false},"excerpt":{"rendered":"<p>Sac \u201cBanane\u201d &#8211; Matelass\u00e9 Kaki,<\/p>\n<p>Taille : \u00a0largeur en partie haute 40cm, en partie basse 19cm, hauteur 19cm<\/p>\n<p>Mod\u00e8le en mini s\u00e9rie*<\/p>\n<p>*Toutes mes cr\u00e9ations sont r\u00e9alis\u00e9es en mod\u00e8le unique ou en mini s\u00e9ries (2 \u00e0 3 exemplaires maximum).<\/p>\n","protected":false},"featured_media":373,"comment_status":"open","ping_status":"closed","template":"","meta":[],"product_cat":[36,20,35],"product_tag":[26,24,37,38],"class_list":{"0":"post-368","1":"product","2":"type-product","3":"status-publish","4":"has-post-thumbnail","6":"product_cat-accessoire","7":"product_cat-nouveautes","8":"product_cat-sac","9":"product_tag-kaki","10":"product_tag-matelasse","11":"product_tag-sac","12":"product_tag-sac-banane","13":"has-single-img","15":"first","16":"instock","17":"featured","18":"shipping-taxable","19":"purchasable","20":"product-type-simple"},"jetpack_sharing_enabled":true,"_links":{"self":[{"href":"https:\/\/www.darlingsew.com\/index.php\/wp-json\/wp\/v2\/product\/368","targetHints":{"allow":["GET"]}}],"collection":[{"href":"https:\/\/www.darlingsew.com\/index.php\/wp-json\/wp\/v2\/product"}],"about":[{"href":"https:\/\/www.darlingsew.com\/index.php\/wp-json\/wp\/v2\/types\/product"}],"replies":[{"embeddable":true,"href":"https:\/\/www.darlingsew.com\/index.php\/wp-json\/wp\/v2\/comments?post=368"}],"wp:featuredmedia":[{"embeddable":true,"href":"https:\/\/www.darlingsew.com\/index.php\/wp-json\/wp\/v2\/media\/373"}],"wp:attachment":[{"href":"https:\/\/www.darlingsew.com\/index.php\/wp-json\/wp\/v2\/media?parent=368"}],"wp:term":[{"taxonomy":"product_cat","embeddable":true,"href":"https:\/\/www.darlingsew.com\/index.php\/wp-json\/wp\/v2\/product_cat?post=368"},{"taxonomy":"product_tag","embeddable":true,"href":"https:\/\/www.darlingsew.com\/index.php\/wp-json\/wp\/v2\/product_tag?post=368"}],"curies":[{"name":"wp","href":"https:\/\/api.w.org\/{rel}","templated":true}]}}