{"id":375,"date":"2024-04-12T14:48:59","date_gmt":"2024-04-12T12:48:59","guid":{"rendered":"https:\/\/www.darlingsew.com\/?post_type=product&#038;p=375"},"modified":"2024-04-12T23:14:06","modified_gmt":"2024-04-12T21:14:06","slug":"sac-bandouliere-matelasse-jaune","status":"publish","type":"product","link":"https:\/\/www.darlingsew.com\/index.php\/produit\/sac-bandouliere-matelasse-jaune\/","title":{"rendered":"Sac Bandouli\u00e8re-Matelass\u00e9 jaune"},"content":{"rendered":"<p>Joli Sac Bandouli\u00e8re &#8211; Matelass\u00e9 Jaune,<\/p>\n<p>R\u00e9alis\u00e9 en tissu matelass\u00e9 jaune avec fleurs beiges, tr\u00e8s souple, pour l\u2019ext\u00e9rieur et un coton fleuri sur fond vert pour l\u2019int\u00e9rieur.<\/p>\n<p>Ouverture double sens gr\u00e2ce \u00e0 une fermeture m\u00e9tallique beige, double glissi\u00e8res.<\/p>\n<p>Poche int\u00e9rieure (non zipp\u00e9e).<\/p>\n<p>Sangle cr\u00e8me rehauss\u00e9e d\u2019une dentelle beige, r\u00e9glable de 80 cm \u00e0 150 cm.<\/p>\n<p>Taille : \u00a0largeur 24cm x hauteur 15cm x Profondeur 7cm.<\/p>\n<p>Mod\u00e8le en mini s\u00e9rie*<\/p>\n<p>*Toutes mes cr\u00e9ations sont r\u00e9alis\u00e9es en mod\u00e8le unique ou en mini s\u00e9ries (2 \u00e0 3 exemplaires maximum).<\/p>\n<p><em>TVA non applicable<\/em><\/p>\n","protected":false},"excerpt":{"rendered":"<p style=\"text-align: left;\">Sac Bandouli\u00e8re &#8211; Matelass\u00e9 Jaune,<\/p>\n<p>Taille : \u00a0largeur 24cm, hauteur 15cm, profondeur 7cm<\/p>\n<p>Mod\u00e8le en mini s\u00e9rie*<\/p>\n<p>*Toutes mes cr\u00e9ations sont r\u00e9alis\u00e9es en mod\u00e8le unique ou en mini s\u00e9ries (2 \u00e0 3 exemplaires maximum).<\/p>\n","protected":false},"featured_media":376,"comment_status":"open","ping_status":"closed","template":"","meta":[],"product_cat":[36,20,35],"product_tag":[24,37,39],"class_list":{"0":"post-375","1":"product","2":"type-product","3":"status-publish","4":"has-post-thumbnail","6":"product_cat-accessoire","7":"product_cat-nouveautes","8":"product_cat-sac","9":"product_tag-matelasse","10":"product_tag-sac","11":"product_tag-sac-bandouliere","12":"has-single-img","14":"first","15":"instock","16":"featured","17":"shipping-taxable","18":"purchasable","19":"product-type-simple"},"jetpack_sharing_enabled":true,"_links":{"self":[{"href":"https:\/\/www.darlingsew.com\/index.php\/wp-json\/wp\/v2\/product\/375","targetHints":{"allow":["GET"]}}],"collection":[{"href":"https:\/\/www.darlingsew.com\/index.php\/wp-json\/wp\/v2\/product"}],"about":[{"href":"https:\/\/www.darlingsew.com\/index.php\/wp-json\/wp\/v2\/types\/product"}],"replies":[{"embeddable":true,"href":"https:\/\/www.darlingsew.com\/index.php\/wp-json\/wp\/v2\/comments?post=375"}],"wp:featuredmedia":[{"embeddable":true,"href":"https:\/\/www.darlingsew.com\/index.php\/wp-json\/wp\/v2\/media\/376"}],"wp:attachment":[{"href":"https:\/\/www.darlingsew.com\/index.php\/wp-json\/wp\/v2\/media?parent=375"}],"wp:term":[{"taxonomy":"product_cat","embeddable":true,"href":"https:\/\/www.darlingsew.com\/index.php\/wp-json\/wp\/v2\/product_cat?post=375"},{"taxonomy":"product_tag","embeddable":true,"href":"https:\/\/www.darlingsew.com\/index.php\/wp-json\/wp\/v2\/product_tag?post=375"}],"curies":[{"name":"wp","href":"https:\/\/api.w.org\/{rel}","templated":true}]}}